{"id":16579,"date":"2026-03-03T18:00:11","date_gmt":"2026-03-03T18:00:11","guid":{"rendered":"https:\/\/heidenreich.eu\/?post_type=product&#038;p=16579"},"modified":"2026-03-09T12:07:51","modified_gmt":"2026-03-09T12:07:51","slug":"prefamac-mou-80-temperiermaschine-fuer-schokolade","status":"publish","type":"product","link":"https:\/\/heidenreich.eu\/en\/maschine\/prefamac-mou-80-temperiermaschine-fuer-schokolade\/","title":{"rendered":"Prefamac MOU 80 Temperiermaschine f\u00fcr Schokolade"},"content":{"rendered":"<p>Many thanks for your interest in our machinery, please find below our offer: <\/p>\n<p>Hersteller\t\t: Prefamac Temperier-, Schmelz- und Formmaschine f\u00fcr Schokolade<br \/>\nModell\t\t\t: vermutlich MOU 80<br \/>\nBaujahr\t\t: unbekannt<br \/>\nelektr. Werte\t\t: 400 V 50 Hz 3Ph<br \/>\nFassungsverm\u00f6gen\t: ~80kg<br \/>\nNutzinhalt\t\t:<br \/>\nMaschinenabma\u00dfe\t: ca. 1150 x 780 x 1600 (lxbxh in mm)<br \/>\nGewicht\t\t: ca. 120 kg<br \/>\nDetails\t\t\t: Konstruktion aus rostfreiem Stahl.<br \/>\n Elektrisch beheizt und thermostatgesteuert<br \/>\n Schwenkbares R\u00fchrwerk in der Wanne installiert<br \/>\n Mit R\u00fctteltisch<br \/>\n Edelstahlkonstruktion AISI 304, auf einem Rahmen mit Rollen montiert<br \/>\n Heberad aus lebensmittelechtem Kunststoff<br \/>\n Guter gebrauchter Zustand<br \/>\nEinsatzbereich; Schmelzen, Temperieren und Gie\u00dfen von Schokolade,<br \/>\n\u00dcberziehen von Kleingeb\u00e4ck.<\/p>\n<p>Wir bieten diese Maschine \u201e in vorhandenem Zustand\u201c unter Ausschluss jeglicher Gew\u00e4hrleistung\/M\u00e4ngelanspr\u00fcche oder Zusicherungen zum Verkauf an. <\/p>\n<p>ex warehouse Hess. Lichtenau (EXW),unpacked<\/p>","protected":false},"excerpt":{"rendered":"<p>Prefamac MOU80 ist eine Temperier-, Schmelz- und Formmaschine f\u00fcr Schokolade &#8211; wheel Moulding machine. Geeignet f\u00fcr Confiserie, Chocolatiers, Pattiserie, Konditoreien &#8211; f\u00fcr alle die Schokolade verarbeiten<\/p>","protected":false},"featured_media":16588,"template":"","meta":[],"product_brand":[],"product_cat":[102],"product_tag":[137,136],"class_list":{"0":"post-16579","1":"product","2":"type-product","3":"status-publish","4":"has-post-thumbnail","6":"product_cat-schokoladenherstellung-schokoladenverarbeitung-produktionsmaschinen-gebrauchtmaschinen","7":"product_tag-chocolate-moulding-machine","8":"product_tag-schokoladengiessmaschine","10":"first","11":"instock","12":"shipping-taxable","13":"product-type-simple"},"yoast_head":"<!-- This site is optimized with the Yoast SEO plugin v27.4 - https:\/\/yoast.com\/product\/yoast-seo-wordpress\/ -->\n<title>Prefamac MOU 80 Temperiermaschine f\u00fcr Schokolade - Lebensmittelmaschinen<\/title>\n<meta name=\"robots\" content=\"index, follow, max-snippet:-1, max-image-preview:large, max-video-preview:-1\" \/>\n<link rel=\"canonical\" href=\"https:\/\/heidenreich.eu\/en\/maschine\/prefamac-mou-80-temperiermaschine-fuer-schokolade\/\" \/>\n<meta property=\"og:locale\" content=\"en_GB\" \/>\n<meta property=\"og:type\" content=\"article\" \/>\n<meta property=\"og:title\" content=\"Prefamac MOU 80 Temperiermaschine f\u00fcr Schokolade - Lebensmittelmaschinen\" \/>\n<meta property=\"og:description\" content=\"Prefamac MOU80 ist eine Temperier-, Schmelz- und Formmaschine f\u00fcr Schokolade - wheel Moulding machine. Geeignet f\u00fcr Confiserie, Chocolatiers, Pattiserie, Konditoreien - f\u00fcr alle die Schokolade verarbeiten\" \/>\n<meta property=\"og:url\" content=\"https:\/\/heidenreich.eu\/en\/maschine\/prefamac-mou-80-temperiermaschine-fuer-schokolade\/\" \/>\n<meta property=\"og:site_name\" content=\"Lebensmittelmaschinen\" \/>\n<meta property=\"article:modified_time\" content=\"2026-03-09T12:07:51+00:00\" \/>\n<meta property=\"og:image\" content=\"https:\/\/heidenreich.eu\/wp-content\/uploads\/1Prefamac_Muo30.jpg\" \/>\n\t<meta property=\"og:image:width\" content=\"482\" \/>\n\t<meta property=\"og:image:height\" content=\"531\" \/>\n\t<meta property=\"og:image:type\" content=\"image\/jpeg\" \/>\n<meta name=\"twitter:card\" content=\"summary_large_image\" \/>\n<meta name=\"twitter:label1\" content=\"Estimated reading time\" \/>\n\t<meta name=\"twitter:data1\" content=\"1 minute\" \/>\n<script type=\"application\/ld+json\" class=\"yoast-schema-graph\">{\"@context\":\"https:\\\/\\\/schema.org\",\"@graph\":[{\"@type\":\"WebPage\",\"@id\":\"https:\\\/\\\/heidenreich.eu\\\/maschine\\\/prefamac-mou-80-temperiermaschine-fuer-schokolade\\\/\",\"url\":\"https:\\\/\\\/heidenreich.eu\\\/maschine\\\/prefamac-mou-80-temperiermaschine-fuer-schokolade\\\/\",\"name\":\"Prefamac MOU 80 Temperiermaschine f\u00fcr Schokolade - Lebensmittelmaschinen\",\"isPartOf\":{\"@id\":\"https:\\\/\\\/heidenreich.eu\\\/#website\"},\"primaryImageOfPage\":{\"@id\":\"https:\\\/\\\/heidenreich.eu\\\/maschine\\\/prefamac-mou-80-temperiermaschine-fuer-schokolade\\\/#primaryimage\"},\"image\":{\"@id\":\"https:\\\/\\\/heidenreich.eu\\\/maschine\\\/prefamac-mou-80-temperiermaschine-fuer-schokolade\\\/#primaryimage\"},\"thumbnailUrl\":\"https:\\\/\\\/heidenreich.eu\\\/wp-content\\\/uploads\\\/1Prefamac_Muo30.jpg\",\"datePublished\":\"2026-03-03T18:00:11+00:00\",\"dateModified\":\"2026-03-09T12:07:51+00:00\",\"breadcrumb\":{\"@id\":\"https:\\\/\\\/heidenreich.eu\\\/maschine\\\/prefamac-mou-80-temperiermaschine-fuer-schokolade\\\/#breadcrumb\"},\"inLanguage\":\"en-GB\",\"potentialAction\":[{\"@type\":\"ReadAction\",\"target\":[\"https:\\\/\\\/heidenreich.eu\\\/maschine\\\/prefamac-mou-80-temperiermaschine-fuer-schokolade\\\/\"]}]},{\"@type\":\"ImageObject\",\"inLanguage\":\"en-GB\",\"@id\":\"https:\\\/\\\/heidenreich.eu\\\/maschine\\\/prefamac-mou-80-temperiermaschine-fuer-schokolade\\\/#primaryimage\",\"url\":\"https:\\\/\\\/heidenreich.eu\\\/wp-content\\\/uploads\\\/1Prefamac_Muo30.jpg\",\"contentUrl\":\"https:\\\/\\\/heidenreich.eu\\\/wp-content\\\/uploads\\\/1Prefamac_Muo30.jpg\",\"width\":482,\"height\":531},{\"@type\":\"BreadcrumbList\",\"@id\":\"https:\\\/\\\/heidenreich.eu\\\/maschine\\\/prefamac-mou-80-temperiermaschine-fuer-schokolade\\\/#breadcrumb\",\"itemListElement\":[{\"@type\":\"ListItem\",\"position\":1,\"name\":\"Startseite\",\"item\":\"https:\\\/\\\/heidenreich.eu\\\/\"},{\"@type\":\"ListItem\",\"position\":2,\"name\":\"Maschinen\",\"item\":\"https:\\\/\\\/heidenreich.eu\\\/shop\\\/\"},{\"@type\":\"ListItem\",\"position\":3,\"name\":\"Prefamac MOU 80 Temperiermaschine f\u00fcr Schokolade\"}]},{\"@type\":\"WebSite\",\"@id\":\"https:\\\/\\\/heidenreich.eu\\\/#website\",\"url\":\"https:\\\/\\\/heidenreich.eu\\\/\",\"name\":\"Lebensmittelmaschinen\",\"description\":\"Maschinenhandel &amp; Anlagentechnik\",\"potentialAction\":[{\"@type\":\"SearchAction\",\"target\":{\"@type\":\"EntryPoint\",\"urlTemplate\":\"https:\\\/\\\/heidenreich.eu\\\/?s={search_term_string}\"},\"query-input\":{\"@type\":\"PropertyValueSpecification\",\"valueRequired\":true,\"valueName\":\"search_term_string\"}}],\"inLanguage\":\"en-GB\"}]}<\/script>\n<!-- \/ Yoast SEO plugin. -->","yoast_head_json":{"title":"Prefamac MOU 80 Temperiermaschine f\u00fcr Schokolade - Lebensmittelmaschinen","robots":{"index":"index","follow":"follow","max-snippet":"max-snippet:-1","max-image-preview":"max-image-preview:large","max-video-preview":"max-video-preview:-1"},"canonical":"https:\/\/heidenreich.eu\/en\/maschine\/prefamac-mou-80-temperiermaschine-fuer-schokolade\/","og_locale":"en_GB","og_type":"article","og_title":"Prefamac MOU 80 Temperiermaschine f\u00fcr Schokolade - Lebensmittelmaschinen","og_description":"Prefamac MOU80 ist eine Temperier-, Schmelz- und Formmaschine f\u00fcr Schokolade - wheel Moulding machine. Geeignet f\u00fcr Confiserie, Chocolatiers, Pattiserie, Konditoreien - f\u00fcr alle die Schokolade verarbeiten","og_url":"https:\/\/heidenreich.eu\/en\/maschine\/prefamac-mou-80-temperiermaschine-fuer-schokolade\/","og_site_name":"Lebensmittelmaschinen","article_modified_time":"2026-03-09T12:07:51+00:00","og_image":[{"width":482,"height":531,"url":"https:\/\/heidenreich.eu\/wp-content\/uploads\/1Prefamac_Muo30.jpg","type":"image\/jpeg"}],"twitter_card":"summary_large_image","twitter_misc":{"Estimated reading time":"1 minute"},"schema":{"@context":"https:\/\/schema.org","@graph":[{"@type":"WebPage","@id":"https:\/\/heidenreich.eu\/maschine\/prefamac-mou-80-temperiermaschine-fuer-schokolade\/","url":"https:\/\/heidenreich.eu\/maschine\/prefamac-mou-80-temperiermaschine-fuer-schokolade\/","name":"Prefamac MOU 80 Temperiermaschine f\u00fcr Schokolade - Lebensmittelmaschinen","isPartOf":{"@id":"https:\/\/heidenreich.eu\/#website"},"primaryImageOfPage":{"@id":"https:\/\/heidenreich.eu\/maschine\/prefamac-mou-80-temperiermaschine-fuer-schokolade\/#primaryimage"},"image":{"@id":"https:\/\/heidenreich.eu\/maschine\/prefamac-mou-80-temperiermaschine-fuer-schokolade\/#primaryimage"},"thumbnailUrl":"https:\/\/heidenreich.eu\/wp-content\/uploads\/1Prefamac_Muo30.jpg","datePublished":"2026-03-03T18:00:11+00:00","dateModified":"2026-03-09T12:07:51+00:00","breadcrumb":{"@id":"https:\/\/heidenreich.eu\/maschine\/prefamac-mou-80-temperiermaschine-fuer-schokolade\/#breadcrumb"},"inLanguage":"en-GB","potentialAction":[{"@type":"ReadAction","target":["https:\/\/heidenreich.eu\/maschine\/prefamac-mou-80-temperiermaschine-fuer-schokolade\/"]}]},{"@type":"ImageObject","inLanguage":"en-GB","@id":"https:\/\/heidenreich.eu\/maschine\/prefamac-mou-80-temperiermaschine-fuer-schokolade\/#primaryimage","url":"https:\/\/heidenreich.eu\/wp-content\/uploads\/1Prefamac_Muo30.jpg","contentUrl":"https:\/\/heidenreich.eu\/wp-content\/uploads\/1Prefamac_Muo30.jpg","width":482,"height":531},{"@type":"BreadcrumbList","@id":"https:\/\/heidenreich.eu\/maschine\/prefamac-mou-80-temperiermaschine-fuer-schokolade\/#breadcrumb","itemListElement":[{"@type":"ListItem","position":1,"name":"Startseite","item":"https:\/\/heidenreich.eu\/"},{"@type":"ListItem","position":2,"name":"Maschinen","item":"https:\/\/heidenreich.eu\/shop\/"},{"@type":"ListItem","position":3,"name":"Prefamac MOU 80 Temperiermaschine f\u00fcr Schokolade"}]},{"@type":"WebSite","@id":"https:\/\/heidenreich.eu\/#website","url":"https:\/\/heidenreich.eu\/","name":"food machines","description":"Maschine trade &amp; Equipment technology","potentialAction":[{"@type":"SearchAction","target":{"@type":"EntryPoint","urlTemplate":"https:\/\/heidenreich.eu\/?s={search_term_string}"},"query-input":{"@type":"PropertyValueSpecification","valueRequired":true,"valueName":"search_term_string"}}],"inLanguage":"en-GB"}]}},"_links":{"self":[{"href":"https:\/\/heidenreich.eu\/en\/wp-json\/wp\/v2\/product\/16579","targetHints":{"allow":["GET"]}}],"collection":[{"href":"https:\/\/heidenreich.eu\/en\/wp-json\/wp\/v2\/product"}],"about":[{"href":"https:\/\/heidenreich.eu\/en\/wp-json\/wp\/v2\/types\/product"}],"wp:featuredmedia":[{"embeddable":true,"href":"https:\/\/heidenreich.eu\/en\/wp-json\/wp\/v2\/media\/16588"}],"wp:attachment":[{"href":"https:\/\/heidenreich.eu\/en\/wp-json\/wp\/v2\/media?parent=16579"}],"wp:term":[{"taxonomy":"product_brand","embeddable":true,"href":"https:\/\/heidenreich.eu\/en\/wp-json\/wp\/v2\/product_brand?post=16579"},{"taxonomy":"product_cat","embeddable":true,"href":"https:\/\/heidenreich.eu\/en\/wp-json\/wp\/v2\/product_cat?post=16579"},{"taxonomy":"product_tag","embeddable":true,"href":"https:\/\/heidenreich.eu\/en\/wp-json\/wp\/v2\/product_tag?post=16579"}],"curies":[{"name":"wp","href":"https:\/\/api.w.org\/{rel}","templated":true}]}}