{"id":16374,"date":"2022-10-21T08:02:11","date_gmt":"2022-10-21T08:02:11","guid":{"rendered":"https:\/\/heidenreich.eu\/?post_type=product&#038;p=16374"},"modified":"2022-10-21T08:04:56","modified_gmt":"2022-10-21T08:04:56","slug":"probat-l12-roester-2","status":"publish","type":"product","link":"https:\/\/heidenreich.eu\/en\/maschine\/probat-l12-roester-2\/","title":{"rendered":"Probat L12 Roaster"},"content":{"rendered":"<p>Many thanks for your interest on our second hand machines, please find follow our offer:<br \/>\nProbat L12 Roaster Hardley used<\/p>\n<p class=\"translation-block\">manufacturer: \t\tProbat<br>\nType:\t\t\tL 12 Chargenr\u00f6ster \/ batch roaster<br>\nYOM:\t\t\t1995<br>\neating with:\t\tGas<br>\noutput capacity:\tca 5 - 12 kg\/batch<br>\nDimensions:\t\t1700x1000x2000 mm<br>\nWeight:\t\tca. 580kg<br>\ndifferent:\t<br>\t\n\u2013\tbatch size approx. uo to 12 kg Raw Coffee<br>\n\u2013\tThe Roaster is installed and can be visit<br>\n\u2013\tLast used to roast buckwheat or pumpkin seeds<br>\n\u2013\tManual in german language available<\/p>\n<p>We offe this machine for sale in \u201cas-is\u201d without any warranty\/claims for defects or assurances. <\/p>\n<p>ex location germany, (EXW), without dismantling, unpacked<\/p>","protected":false},"excerpt":{"rendered":"<p>Probat shop roaster, gas heated, still installed, good condition, for coffee, cocoa beans, nuts, seeds<\/p>","protected":false},"featured_media":16368,"template":"","meta":[],"product_brand":[],"product_cat":[101,102],"product_tag":[],"class_list":{"0":"post-16374","1":"product","2":"type-product","3":"status-publish","4":"has-post-thumbnail","6":"product_cat-gebaeck-waffeln-biscuits-snacks-cerealien-baeckerei-und-konditoreimaschinen-produktionsmaschinen-gebrauchtmaschinen","7":"product_cat-schokoladenherstellung-schokoladenverarbeitung-produktionsmaschinen-gebrauchtmaschinen","9":"first","10":"instock","11":"shipping-taxable","12":"product-type-simple"},"yoast_head":"<!-- This site is optimized with the Yoast SEO plugin v27.3 - https:\/\/yoast.com\/product\/yoast-seo-wordpress\/ -->\n<title>Probat L12 R\u00f6ster - Lebensmittelmaschinen<\/title>\n<meta name=\"robots\" content=\"index, follow, max-snippet:-1, max-image-preview:large, max-video-preview:-1\" \/>\n<link rel=\"canonical\" href=\"https:\/\/heidenreich.eu\/en\/maschine\/probat-l12-roester-2\/\" \/>\n<meta property=\"og:locale\" content=\"en_GB\" \/>\n<meta property=\"og:type\" content=\"article\" \/>\n<meta property=\"og:title\" content=\"Probat L12 R\u00f6ster - Lebensmittelmaschinen\" \/>\n<meta property=\"og:description\" content=\"Probat Ladenr\u00f6ster, Gas beheizt, noch installiert, guter Zustand, F\u00fcr Kaffee, Kakaobohnen, N\u00fcsse, Saaten\" \/>\n<meta property=\"og:url\" content=\"https:\/\/heidenreich.eu\/en\/maschine\/probat-l12-roester-2\/\" \/>\n<meta property=\"og:site_name\" content=\"Lebensmittelmaschinen\" \/>\n<meta property=\"article:modified_time\" content=\"2022-10-21T08:04:56+00:00\" \/>\n<meta property=\"og:image\" content=\"https:\/\/heidenreich.eu\/wp-content\/uploads\/1ProbatL12Front.jpg\" \/>\n\t<meta property=\"og:image:width\" content=\"576\" \/>\n\t<meta property=\"og:image:height\" content=\"768\" \/>\n\t<meta property=\"og:image:type\" content=\"image\/jpeg\" \/>\n<meta name=\"twitter:card\" content=\"summary_large_image\" \/>\n<meta name=\"twitter:label1\" content=\"Estimated reading time\" \/>\n\t<meta name=\"twitter:data1\" content=\"1 minute\" \/>\n<script type=\"application\/ld+json\" class=\"yoast-schema-graph\">{\"@context\":\"https:\\\/\\\/schema.org\",\"@graph\":[{\"@type\":\"WebPage\",\"@id\":\"https:\\\/\\\/heidenreich.eu\\\/maschine\\\/probat-l12-roester-2\\\/\",\"url\":\"https:\\\/\\\/heidenreich.eu\\\/maschine\\\/probat-l12-roester-2\\\/\",\"name\":\"Probat L12 R\u00f6ster - Lebensmittelmaschinen\",\"isPartOf\":{\"@id\":\"https:\\\/\\\/heidenreich.eu\\\/#website\"},\"primaryImageOfPage\":{\"@id\":\"https:\\\/\\\/heidenreich.eu\\\/maschine\\\/probat-l12-roester-2\\\/#primaryimage\"},\"image\":{\"@id\":\"https:\\\/\\\/heidenreich.eu\\\/maschine\\\/probat-l12-roester-2\\\/#primaryimage\"},\"thumbnailUrl\":\"https:\\\/\\\/heidenreich.eu\\\/wp-content\\\/uploads\\\/1ProbatL12Front.jpg\",\"datePublished\":\"2022-10-21T08:02:11+00:00\",\"dateModified\":\"2022-10-21T08:04:56+00:00\",\"breadcrumb\":{\"@id\":\"https:\\\/\\\/heidenreich.eu\\\/maschine\\\/probat-l12-roester-2\\\/#breadcrumb\"},\"inLanguage\":\"en-GB\",\"potentialAction\":[{\"@type\":\"ReadAction\",\"target\":[\"https:\\\/\\\/heidenreich.eu\\\/maschine\\\/probat-l12-roester-2\\\/\"]}]},{\"@type\":\"ImageObject\",\"inLanguage\":\"en-GB\",\"@id\":\"https:\\\/\\\/heidenreich.eu\\\/maschine\\\/probat-l12-roester-2\\\/#primaryimage\",\"url\":\"https:\\\/\\\/heidenreich.eu\\\/wp-content\\\/uploads\\\/1ProbatL12Front.jpg\",\"contentUrl\":\"https:\\\/\\\/heidenreich.eu\\\/wp-content\\\/uploads\\\/1ProbatL12Front.jpg\",\"width\":576,\"height\":768,\"caption\":\"Probat L12\"},{\"@type\":\"BreadcrumbList\",\"@id\":\"https:\\\/\\\/heidenreich.eu\\\/maschine\\\/probat-l12-roester-2\\\/#breadcrumb\",\"itemListElement\":[{\"@type\":\"ListItem\",\"position\":1,\"name\":\"Startseite\",\"item\":\"https:\\\/\\\/heidenreich.eu\\\/\"},{\"@type\":\"ListItem\",\"position\":2,\"name\":\"Maschinen\",\"item\":\"https:\\\/\\\/heidenreich.eu\\\/shop\\\/\"},{\"@type\":\"ListItem\",\"position\":3,\"name\":\"Probat L12 R\u00f6ster\"}]},{\"@type\":\"WebSite\",\"@id\":\"https:\\\/\\\/heidenreich.eu\\\/#website\",\"url\":\"https:\\\/\\\/heidenreich.eu\\\/\",\"name\":\"Lebensmittelmaschinen\",\"description\":\"Maschinenhandel &amp; Anlagentechnik\",\"potentialAction\":[{\"@type\":\"SearchAction\",\"target\":{\"@type\":\"EntryPoint\",\"urlTemplate\":\"https:\\\/\\\/heidenreich.eu\\\/?s={search_term_string}\"},\"query-input\":{\"@type\":\"PropertyValueSpecification\",\"valueRequired\":true,\"valueName\":\"search_term_string\"}}],\"inLanguage\":\"en-GB\"}]}<\/script>\n<!-- \/ Yoast SEO plugin. -->","yoast_head_json":{"title":"Probat L12 R\u00f6ster - Lebensmittelmaschinen","robots":{"index":"index","follow":"follow","max-snippet":"max-snippet:-1","max-image-preview":"max-image-preview:large","max-video-preview":"max-video-preview:-1"},"canonical":"https:\/\/heidenreich.eu\/en\/maschine\/probat-l12-roester-2\/","og_locale":"en_GB","og_type":"article","og_title":"Probat L12 R\u00f6ster - Lebensmittelmaschinen","og_description":"Probat Ladenr\u00f6ster, Gas beheizt, noch installiert, guter Zustand, F\u00fcr Kaffee, Kakaobohnen, N\u00fcsse, Saaten","og_url":"https:\/\/heidenreich.eu\/en\/maschine\/probat-l12-roester-2\/","og_site_name":"Lebensmittelmaschinen","article_modified_time":"2022-10-21T08:04:56+00:00","og_image":[{"width":576,"height":768,"url":"https:\/\/heidenreich.eu\/wp-content\/uploads\/1ProbatL12Front.jpg","type":"image\/jpeg"}],"twitter_card":"summary_large_image","twitter_misc":{"Estimated reading time":"1 minute"},"schema":{"@context":"https:\/\/schema.org","@graph":[{"@type":"WebPage","@id":"https:\/\/heidenreich.eu\/maschine\/probat-l12-roester-2\/","url":"https:\/\/heidenreich.eu\/maschine\/probat-l12-roester-2\/","name":"Probat L12 R\u00f6ster - Lebensmittelmaschinen","isPartOf":{"@id":"https:\/\/heidenreich.eu\/#website"},"primaryImageOfPage":{"@id":"https:\/\/heidenreich.eu\/maschine\/probat-l12-roester-2\/#primaryimage"},"image":{"@id":"https:\/\/heidenreich.eu\/maschine\/probat-l12-roester-2\/#primaryimage"},"thumbnailUrl":"https:\/\/heidenreich.eu\/wp-content\/uploads\/1ProbatL12Front.jpg","datePublished":"2022-10-21T08:02:11+00:00","dateModified":"2022-10-21T08:04:56+00:00","breadcrumb":{"@id":"https:\/\/heidenreich.eu\/maschine\/probat-l12-roester-2\/#breadcrumb"},"inLanguage":"en-GB","potentialAction":[{"@type":"ReadAction","target":["https:\/\/heidenreich.eu\/maschine\/probat-l12-roester-2\/"]}]},{"@type":"ImageObject","inLanguage":"en-GB","@id":"https:\/\/heidenreich.eu\/maschine\/probat-l12-roester-2\/#primaryimage","url":"https:\/\/heidenreich.eu\/wp-content\/uploads\/1ProbatL12Front.jpg","contentUrl":"https:\/\/heidenreich.eu\/wp-content\/uploads\/1ProbatL12Front.jpg","width":576,"height":768,"caption":"Probat L12"},{"@type":"BreadcrumbList","@id":"https:\/\/heidenreich.eu\/maschine\/probat-l12-roester-2\/#breadcrumb","itemListElement":[{"@type":"ListItem","position":1,"name":"Startseite","item":"https:\/\/heidenreich.eu\/"},{"@type":"ListItem","position":2,"name":"Maschinen","item":"https:\/\/heidenreich.eu\/shop\/"},{"@type":"ListItem","position":3,"name":"Probat L12 R\u00f6ster"}]},{"@type":"WebSite","@id":"https:\/\/heidenreich.eu\/#website","url":"https:\/\/heidenreich.eu\/","name":"food machines","description":"Maschine trade &amp; Equipment technology","potentialAction":[{"@type":"SearchAction","target":{"@type":"EntryPoint","urlTemplate":"https:\/\/heidenreich.eu\/?s={search_term_string}"},"query-input":{"@type":"PropertyValueSpecification","valueRequired":true,"valueName":"search_term_string"}}],"inLanguage":"en-GB"}]}},"_links":{"self":[{"href":"https:\/\/heidenreich.eu\/en\/wp-json\/wp\/v2\/product\/16374","targetHints":{"allow":["GET"]}}],"collection":[{"href":"https:\/\/heidenreich.eu\/en\/wp-json\/wp\/v2\/product"}],"about":[{"href":"https:\/\/heidenreich.eu\/en\/wp-json\/wp\/v2\/types\/product"}],"wp:featuredmedia":[{"embeddable":true,"href":"https:\/\/heidenreich.eu\/en\/wp-json\/wp\/v2\/media\/16368"}],"wp:attachment":[{"href":"https:\/\/heidenreich.eu\/en\/wp-json\/wp\/v2\/media?parent=16374"}],"wp:term":[{"taxonomy":"product_brand","embeddable":true,"href":"https:\/\/heidenreich.eu\/en\/wp-json\/wp\/v2\/product_brand?post=16374"},{"taxonomy":"product_cat","embeddable":true,"href":"https:\/\/heidenreich.eu\/en\/wp-json\/wp\/v2\/product_cat?post=16374"},{"taxonomy":"product_tag","embeddable":true,"href":"https:\/\/heidenreich.eu\/en\/wp-json\/wp\/v2\/product_tag?post=16374"}],"curies":[{"name":"wp","href":"https:\/\/api.w.org\/{rel}","templated":true}]}}