{"id":16362,"date":"2022-10-19T09:41:29","date_gmt":"2022-10-19T09:41:29","guid":{"rendered":"https:\/\/heidenreich.eu\/?post_type=product&#038;p=16362"},"modified":"2025-05-15T06:37:50","modified_gmt":"2025-05-15T06:37:50","slug":"ladenroester-probat-l12","status":"publish","type":"product","link":"https:\/\/heidenreich.eu\/en\/maschine\/ladenroester-probat-l12\/","title":{"rendered":"Shop roaster Probat L12"},"content":{"rendered":"<p>Many thanks for your interest on our second hand machines, please find follow our offer:<br \/>\n<strong>Probat L12 roaster in top condition - little used<\/strong><\/p>\n<p class=\"translation-block\">manufacturer: Probat<br>\nType: L 12 Chargenr\u00f6ster \/ batch roaster<br>\nYOM: 1995<br>\neating with: Gas<br>\noutput capacity: ca 5 - 12 kg\/batch<br>\nDimensions: 1700x1000x2000 mm<br>\nWeight: ca. 580kg<br>\ndifferent:<br><\/p>\n<p class=\"translation-block\">- batch size approx. uo to 12 kg Raw Coffee<br>\n- The Roaster is installed and can be visit<br>\n- Last used to roast buckwheat or pumpkin seeds<br>\n- Manual in german language available<br><\/p>\n<p>We offe this machine for sale in \u201cas-is\u201d without any warranty\/claims for defects or assurances. <\/p>\n<p>ex location germany, (EXW), without dismantling, unpacked<\/p>","protected":false},"excerpt":{"rendered":"<p>Probat L12 shop roaster for coffee \/ nuts \/ buckwheat \/ pumpkin seeds etc. Good condition, conventional controls!<\/p>","protected":false},"featured_media":16363,"template":"","meta":[],"product_brand":[],"product_cat":[99,101,102],"product_tag":[116,119,115],"class_list":{"0":"post-16362","1":"product","2":"type-product","3":"status-publish","4":"has-post-thumbnail","6":"product_cat-diverse-maschinen","7":"product_cat-gebaeck-waffeln-biscuits-snacks-cerealien-baeckerei-und-konditoreimaschinen-produktionsmaschinen-gebrauchtmaschinen","8":"product_cat-schokoladenherstellung-schokoladenverarbeitung-produktionsmaschinen-gebrauchtmaschinen","9":"product_tag-cacao-roester","10":"product_tag-kaffee-roester","11":"product_tag-nussroester","13":"first","14":"instock","15":"featured","16":"shipping-taxable","17":"product-type-simple"},"yoast_head":"<!-- This site is optimized with the Yoast SEO plugin v27.4 - https:\/\/yoast.com\/product\/yoast-seo-wordpress\/ -->\n<title>Ladenr\u00f6ster Probat L12 - Lebensmittelmaschinen<\/title>\n<meta name=\"robots\" content=\"index, follow, max-snippet:-1, max-image-preview:large, max-video-preview:-1\" \/>\n<link rel=\"canonical\" href=\"https:\/\/heidenreich.eu\/en\/maschine\/ladenroester-probat-l12\/\" \/>\n<meta property=\"og:locale\" content=\"en_GB\" \/>\n<meta property=\"og:type\" content=\"article\" \/>\n<meta property=\"og:title\" content=\"Ladenr\u00f6ster Probat L12 - Lebensmittelmaschinen\" \/>\n<meta property=\"og:description\" content=\"Probat L12 Ladenr\u00f6ster f\u00fcr Kaffee \/ N\u00fcsse \/ Buchweizen \/ K\u00fcrbiskerne etc. Guter Zustand, konventionelle Steuerung!!!\" \/>\n<meta property=\"og:url\" content=\"https:\/\/heidenreich.eu\/en\/maschine\/ladenroester-probat-l12\/\" \/>\n<meta property=\"og:site_name\" content=\"Lebensmittelmaschinen\" \/>\n<meta property=\"article:modified_time\" content=\"2025-05-15T06:37:50+00:00\" \/>\n<meta property=\"og:image\" content=\"https:\/\/heidenreich.eu\/wp-content\/uploads\/1Probat-R12-Roester-Bj-1995.jpg\" \/>\n\t<meta property=\"og:image:width\" content=\"385\" \/>\n\t<meta property=\"og:image:height\" content=\"491\" \/>\n\t<meta property=\"og:image:type\" content=\"image\/jpeg\" \/>\n<meta name=\"twitter:card\" content=\"summary_large_image\" \/>\n<meta name=\"twitter:label1\" content=\"Estimated reading time\" \/>\n\t<meta name=\"twitter:data1\" content=\"1 minute\" \/>\n<script type=\"application\/ld+json\" class=\"yoast-schema-graph\">{\"@context\":\"https:\\\/\\\/schema.org\",\"@graph\":[{\"@type\":\"WebPage\",\"@id\":\"https:\\\/\\\/heidenreich.eu\\\/maschine\\\/ladenroester-probat-l12\\\/\",\"url\":\"https:\\\/\\\/heidenreich.eu\\\/maschine\\\/ladenroester-probat-l12\\\/\",\"name\":\"Ladenr\u00f6ster Probat L12 - Lebensmittelmaschinen\",\"isPartOf\":{\"@id\":\"https:\\\/\\\/heidenreich.eu\\\/#website\"},\"primaryImageOfPage\":{\"@id\":\"https:\\\/\\\/heidenreich.eu\\\/maschine\\\/ladenroester-probat-l12\\\/#primaryimage\"},\"image\":{\"@id\":\"https:\\\/\\\/heidenreich.eu\\\/maschine\\\/ladenroester-probat-l12\\\/#primaryimage\"},\"thumbnailUrl\":\"https:\\\/\\\/heidenreich.eu\\\/wp-content\\\/uploads\\\/1Probat-R12-Roester-Bj-1995.jpg\",\"datePublished\":\"2022-10-19T09:41:29+00:00\",\"dateModified\":\"2025-05-15T06:37:50+00:00\",\"breadcrumb\":{\"@id\":\"https:\\\/\\\/heidenreich.eu\\\/maschine\\\/ladenroester-probat-l12\\\/#breadcrumb\"},\"inLanguage\":\"en-GB\",\"potentialAction\":[{\"@type\":\"ReadAction\",\"target\":[\"https:\\\/\\\/heidenreich.eu\\\/maschine\\\/ladenroester-probat-l12\\\/\"]}]},{\"@type\":\"ImageObject\",\"inLanguage\":\"en-GB\",\"@id\":\"https:\\\/\\\/heidenreich.eu\\\/maschine\\\/ladenroester-probat-l12\\\/#primaryimage\",\"url\":\"https:\\\/\\\/heidenreich.eu\\\/wp-content\\\/uploads\\\/1Probat-R12-Roester-Bj-1995.jpg\",\"contentUrl\":\"https:\\\/\\\/heidenreich.eu\\\/wp-content\\\/uploads\\\/1Probat-R12-Roester-Bj-1995.jpg\",\"width\":385,\"height\":491},{\"@type\":\"BreadcrumbList\",\"@id\":\"https:\\\/\\\/heidenreich.eu\\\/maschine\\\/ladenroester-probat-l12\\\/#breadcrumb\",\"itemListElement\":[{\"@type\":\"ListItem\",\"position\":1,\"name\":\"Startseite\",\"item\":\"https:\\\/\\\/heidenreich.eu\\\/\"},{\"@type\":\"ListItem\",\"position\":2,\"name\":\"Maschinen\",\"item\":\"https:\\\/\\\/heidenreich.eu\\\/shop\\\/\"},{\"@type\":\"ListItem\",\"position\":3,\"name\":\"Ladenr\u00f6ster Probat L12\"}]},{\"@type\":\"WebSite\",\"@id\":\"https:\\\/\\\/heidenreich.eu\\\/#website\",\"url\":\"https:\\\/\\\/heidenreich.eu\\\/\",\"name\":\"Lebensmittelmaschinen\",\"description\":\"Maschinenhandel &amp; Anlagentechnik\",\"potentialAction\":[{\"@type\":\"SearchAction\",\"target\":{\"@type\":\"EntryPoint\",\"urlTemplate\":\"https:\\\/\\\/heidenreich.eu\\\/?s={search_term_string}\"},\"query-input\":{\"@type\":\"PropertyValueSpecification\",\"valueRequired\":true,\"valueName\":\"search_term_string\"}}],\"inLanguage\":\"en-GB\"}]}<\/script>\n<!-- \/ Yoast SEO plugin. -->","yoast_head_json":{"title":"Ladenr\u00f6ster Probat L12 - Lebensmittelmaschinen","robots":{"index":"index","follow":"follow","max-snippet":"max-snippet:-1","max-image-preview":"max-image-preview:large","max-video-preview":"max-video-preview:-1"},"canonical":"https:\/\/heidenreich.eu\/en\/maschine\/ladenroester-probat-l12\/","og_locale":"en_GB","og_type":"article","og_title":"Ladenr\u00f6ster Probat L12 - Lebensmittelmaschinen","og_description":"Probat L12 Ladenr\u00f6ster f\u00fcr Kaffee \/ N\u00fcsse \/ Buchweizen \/ K\u00fcrbiskerne etc. Guter Zustand, konventionelle Steuerung!!!","og_url":"https:\/\/heidenreich.eu\/en\/maschine\/ladenroester-probat-l12\/","og_site_name":"Lebensmittelmaschinen","article_modified_time":"2025-05-15T06:37:50+00:00","og_image":[{"width":385,"height":491,"url":"https:\/\/heidenreich.eu\/wp-content\/uploads\/1Probat-R12-Roester-Bj-1995.jpg","type":"image\/jpeg"}],"twitter_card":"summary_large_image","twitter_misc":{"Estimated reading time":"1 minute"},"schema":{"@context":"https:\/\/schema.org","@graph":[{"@type":"WebPage","@id":"https:\/\/heidenreich.eu\/maschine\/ladenroester-probat-l12\/","url":"https:\/\/heidenreich.eu\/maschine\/ladenroester-probat-l12\/","name":"Ladenr\u00f6ster Probat L12 - Lebensmittelmaschinen","isPartOf":{"@id":"https:\/\/heidenreich.eu\/#website"},"primaryImageOfPage":{"@id":"https:\/\/heidenreich.eu\/maschine\/ladenroester-probat-l12\/#primaryimage"},"image":{"@id":"https:\/\/heidenreich.eu\/maschine\/ladenroester-probat-l12\/#primaryimage"},"thumbnailUrl":"https:\/\/heidenreich.eu\/wp-content\/uploads\/1Probat-R12-Roester-Bj-1995.jpg","datePublished":"2022-10-19T09:41:29+00:00","dateModified":"2025-05-15T06:37:50+00:00","breadcrumb":{"@id":"https:\/\/heidenreich.eu\/maschine\/ladenroester-probat-l12\/#breadcrumb"},"inLanguage":"en-GB","potentialAction":[{"@type":"ReadAction","target":["https:\/\/heidenreich.eu\/maschine\/ladenroester-probat-l12\/"]}]},{"@type":"ImageObject","inLanguage":"en-GB","@id":"https:\/\/heidenreich.eu\/maschine\/ladenroester-probat-l12\/#primaryimage","url":"https:\/\/heidenreich.eu\/wp-content\/uploads\/1Probat-R12-Roester-Bj-1995.jpg","contentUrl":"https:\/\/heidenreich.eu\/wp-content\/uploads\/1Probat-R12-Roester-Bj-1995.jpg","width":385,"height":491},{"@type":"BreadcrumbList","@id":"https:\/\/heidenreich.eu\/maschine\/ladenroester-probat-l12\/#breadcrumb","itemListElement":[{"@type":"ListItem","position":1,"name":"Startseite","item":"https:\/\/heidenreich.eu\/"},{"@type":"ListItem","position":2,"name":"Maschinen","item":"https:\/\/heidenreich.eu\/shop\/"},{"@type":"ListItem","position":3,"name":"Ladenr\u00f6ster Probat L12"}]},{"@type":"WebSite","@id":"https:\/\/heidenreich.eu\/#website","url":"https:\/\/heidenreich.eu\/","name":"food machines","description":"Maschine trade &amp; Equipment technology","potentialAction":[{"@type":"SearchAction","target":{"@type":"EntryPoint","urlTemplate":"https:\/\/heidenreich.eu\/?s={search_term_string}"},"query-input":{"@type":"PropertyValueSpecification","valueRequired":true,"valueName":"search_term_string"}}],"inLanguage":"en-GB"}]}},"_links":{"self":[{"href":"https:\/\/heidenreich.eu\/en\/wp-json\/wp\/v2\/product\/16362","targetHints":{"allow":["GET"]}}],"collection":[{"href":"https:\/\/heidenreich.eu\/en\/wp-json\/wp\/v2\/product"}],"about":[{"href":"https:\/\/heidenreich.eu\/en\/wp-json\/wp\/v2\/types\/product"}],"wp:featuredmedia":[{"embeddable":true,"href":"https:\/\/heidenreich.eu\/en\/wp-json\/wp\/v2\/media\/16363"}],"wp:attachment":[{"href":"https:\/\/heidenreich.eu\/en\/wp-json\/wp\/v2\/media?parent=16362"}],"wp:term":[{"taxonomy":"product_brand","embeddable":true,"href":"https:\/\/heidenreich.eu\/en\/wp-json\/wp\/v2\/product_brand?post=16362"},{"taxonomy":"product_cat","embeddable":true,"href":"https:\/\/heidenreich.eu\/en\/wp-json\/wp\/v2\/product_cat?post=16362"},{"taxonomy":"product_tag","embeddable":true,"href":"https:\/\/heidenreich.eu\/en\/wp-json\/wp\/v2\/product_tag?post=16362"}],"curies":[{"name":"wp","href":"https:\/\/api.w.org\/{rel}","templated":true}]}}