{"id":15767,"date":"2022-03-21T17:49:56","date_gmt":"2022-03-21T17:49:56","guid":{"rendered":"https:\/\/heidenreich.eu\/wordpress\/?post_type=product&#038;p=15767"},"modified":"2023-03-16T13:47:59","modified_gmt":"2023-03-16T13:47:59","slug":"waffelstreichanlage-fuer-flachwaffel","status":"publish","type":"product","link":"https:\/\/heidenreich.eu\/en\/maschine\/waffelstreichanlage-fuer-flachwaffel\/","title":{"rendered":"Wafer Spreading Line"},"content":{"rendered":"<p>Many thanks for your interest on our second hand machines, please find follow our offer:<\/p>\n<p>Fully automatic Hebenstreit WZ-EM wafer spread line for two colours<\/p>\n<p class=\"translation-block\">Manufacturer : Hebenstreit<br>\nType : WZ-EM<br>\nYOM : 1991<br>\noutput capacity : up to 50 sheet\/min.<br>\nwafer format : 290 x 470 mm bis 350 x 480 mm<br>\ndimensions : ca. 11000 x 1300 x 1700 mm<br>\nweight : ca. 1500 kg<br>\ndifferent : variable speed<br>\nFilm and contact coating<br>\nconsisting of:<\/p>\n<p class=\"translation-block\">- waffle magazine<br>\n- First WZ Cream station<br>\n- cover station<br>\n- second WZ cream station<br>\n- stack station<br>\n- cover station<br>\n- Pressing device<\/p>\n<p>We offe this machine for sale in \u201cas-is\u201d without any warranty\/claims for defects or assurances.<\/p>\n<p>ex warehouse Hess. Lichtenau (EXW),unpacked<\/p>\n<p>Suche; Aasted, ACMA, AMP, Aquarius, Awema, Baker, Barth, Bauermeister, Beetz, Bepex, Bindler, Blum, Bosch, Bossar, BP, Braak, Brucks, BSA, Buhler, B\u00fchler, C&amp;M, Caotech, Carle &amp; Montanari, Caucia, chocolate, Chocoma, CM, collette, collischan, Collmann, comas, conchen, Danger, Delloro, Disona, Doge, Drais, Driam, Dumoulin, Duyvis, EKS, enrober, Euromec, eurosicma, eurosigma, executive, Fawema, Fette, Fima, Forgrove, Freudenberg, Frisse, Fryma, Gabler, Garvens, GD, Glatt, Glimek, Gostol, Haas, Hacos, Hamac, Hansa, Hansel, H\u00e4nsel, Hansella, Hartmann, Hastamat, Hebenstreit, Heidenauer, Heidler, HH, Hille, Hohberger, H\u00f6ller, Hoppe, Hosokawa, Hutt, IKM, ILA, Ilapack, IMA, Imball, Indosa, Ishida, IWKA, Kaak, Kemper, Khandabi, Klockner, Kl\u00f6ckner, Knobel, Kopas, Koruma, Kreuter, Kr\u00fcger &amp; Salecker, Latini, Lehmann, Linden, Lloveras, Lodige, L\u00f6dige, Loesch, Macintyre, Makat, Meincke, Mondomix, Morton, Nagema, NID, Nielsen, Niescher, Nouva, OH, OKA, Optima, Otto, P&amp;S, Pactec, Paglierani, Pefa, Perkins, Petzholdt, PFM, Piepenbrock, Prefamac, Probat, Rapido, Rasch, Ratti, RF, Rheon, rianta, Rondo, Rose, Rovema, Ruffinatti, Sapal, Sasib, SIG, Sollich, Spomasz, Stephan, Stork, Temper, Ter Braak, Tevopharm, Theegarten, Thouet, Togum, Ulma, Vitali, W&amp;P, Werner &amp; Pfleiderer, wiener, Winkler, WLS, Yamato, Zum Wald,<\/p>","protected":false},"excerpt":{"rendered":"<ul>\n<li>Manufacturers: Hebenstreit<\/li>\n<li>Type: WZ-EM<\/li>\n<li>Year built: 1991<\/li>\n<li>Price: n.A.<\/li>\n<li>Proposal number: M12-386<\/li>\n<\/ul>","protected":false},"featured_media":15768,"template":"","meta":[],"product_brand":[],"product_cat":[101],"product_tag":[],"class_list":{"0":"post-15767","1":"product","2":"type-product","3":"status-publish","4":"has-post-thumbnail","6":"product_cat-gebaeck-waffeln-biscuits-snacks-cerealien-baeckerei-und-konditoreimaschinen-produktionsmaschinen-gebrauchtmaschinen","8":"first","9":"instock","10":"featured","11":"shipping-taxable","12":"product-type-simple"},"yoast_head":"<!-- This site is optimized with the Yoast SEO plugin v27.3 - https:\/\/yoast.com\/product\/yoast-seo-wordpress\/ -->\n<title>Waffelstreichanlage f\u00fcr Flachwaffel - Lebensmittelmaschinen<\/title>\n<meta name=\"robots\" content=\"index, follow, max-snippet:-1, max-image-preview:large, max-video-preview:-1\" \/>\n<link rel=\"canonical\" href=\"https:\/\/heidenreich.eu\/en\/maschine\/waffelstreichanlage-fuer-flachwaffel\/\" \/>\n<meta property=\"og:locale\" content=\"en_GB\" \/>\n<meta property=\"og:type\" content=\"article\" \/>\n<meta property=\"og:title\" content=\"Waffelstreichanlage f\u00fcr Flachwaffel - Lebensmittelmaschinen\" \/>\n<meta property=\"og:description\" content=\"Hersteller: Hebenstreit  Typ: WZ-EM  Baujahr: 1991  Preis: n.A.  Angebotsnummer: M12-386\" \/>\n<meta property=\"og:url\" content=\"https:\/\/heidenreich.eu\/en\/maschine\/waffelstreichanlage-fuer-flachwaffel\/\" \/>\n<meta property=\"og:site_name\" content=\"Lebensmittelmaschinen\" \/>\n<meta property=\"article:modified_time\" content=\"2023-03-16T13:47:59+00:00\" \/>\n<meta property=\"og:image\" content=\"https:\/\/heidenreich.eu\/wp-content\/uploads\/2022\/03\/1_-Hebenstreit-WZ-EM-Streichanlage-GesamtIMG_3962.jpg\" \/>\n\t<meta property=\"og:image:width\" content=\"799\" \/>\n\t<meta property=\"og:image:height\" content=\"407\" \/>\n\t<meta property=\"og:image:type\" content=\"image\/jpeg\" \/>\n<meta name=\"twitter:card\" content=\"summary_large_image\" \/>\n<meta name=\"twitter:label1\" content=\"Estimated reading time\" \/>\n\t<meta name=\"twitter:data1\" content=\"1 minute\" \/>\n<script type=\"application\/ld+json\" class=\"yoast-schema-graph\">{\"@context\":\"https:\\\/\\\/schema.org\",\"@graph\":[{\"@type\":\"WebPage\",\"@id\":\"https:\\\/\\\/heidenreich.eu\\\/maschine\\\/waffelstreichanlage-fuer-flachwaffel\\\/\",\"url\":\"https:\\\/\\\/heidenreich.eu\\\/maschine\\\/waffelstreichanlage-fuer-flachwaffel\\\/\",\"name\":\"Waffelstreichanlage f\u00fcr Flachwaffel - Lebensmittelmaschinen\",\"isPartOf\":{\"@id\":\"https:\\\/\\\/heidenreich.eu\\\/#website\"},\"primaryImageOfPage\":{\"@id\":\"https:\\\/\\\/heidenreich.eu\\\/maschine\\\/waffelstreichanlage-fuer-flachwaffel\\\/#primaryimage\"},\"image\":{\"@id\":\"https:\\\/\\\/heidenreich.eu\\\/maschine\\\/waffelstreichanlage-fuer-flachwaffel\\\/#primaryimage\"},\"thumbnailUrl\":\"https:\\\/\\\/heidenreich.eu\\\/wp-content\\\/uploads\\\/2022\\\/03\\\/1_-Hebenstreit-WZ-EM-Streichanlage-GesamtIMG_3962.jpg\",\"datePublished\":\"2022-03-21T17:49:56+00:00\",\"dateModified\":\"2023-03-16T13:47:59+00:00\",\"breadcrumb\":{\"@id\":\"https:\\\/\\\/heidenreich.eu\\\/maschine\\\/waffelstreichanlage-fuer-flachwaffel\\\/#breadcrumb\"},\"inLanguage\":\"en-GB\",\"potentialAction\":[{\"@type\":\"ReadAction\",\"target\":[\"https:\\\/\\\/heidenreich.eu\\\/maschine\\\/waffelstreichanlage-fuer-flachwaffel\\\/\"]}]},{\"@type\":\"ImageObject\",\"inLanguage\":\"en-GB\",\"@id\":\"https:\\\/\\\/heidenreich.eu\\\/maschine\\\/waffelstreichanlage-fuer-flachwaffel\\\/#primaryimage\",\"url\":\"https:\\\/\\\/heidenreich.eu\\\/wp-content\\\/uploads\\\/2022\\\/03\\\/1_-Hebenstreit-WZ-EM-Streichanlage-GesamtIMG_3962.jpg\",\"contentUrl\":\"https:\\\/\\\/heidenreich.eu\\\/wp-content\\\/uploads\\\/2022\\\/03\\\/1_-Hebenstreit-WZ-EM-Streichanlage-GesamtIMG_3962.jpg\",\"width\":799,\"height\":407},{\"@type\":\"BreadcrumbList\",\"@id\":\"https:\\\/\\\/heidenreich.eu\\\/maschine\\\/waffelstreichanlage-fuer-flachwaffel\\\/#breadcrumb\",\"itemListElement\":[{\"@type\":\"ListItem\",\"position\":1,\"name\":\"Startseite\",\"item\":\"https:\\\/\\\/heidenreich.eu\\\/\"},{\"@type\":\"ListItem\",\"position\":2,\"name\":\"Maschinen\",\"item\":\"https:\\\/\\\/heidenreich.eu\\\/shop\\\/\"},{\"@type\":\"ListItem\",\"position\":3,\"name\":\"Waffelstreichanlage f\u00fcr Flachwaffel\"}]},{\"@type\":\"WebSite\",\"@id\":\"https:\\\/\\\/heidenreich.eu\\\/#website\",\"url\":\"https:\\\/\\\/heidenreich.eu\\\/\",\"name\":\"Lebensmittelmaschinen\",\"description\":\"Maschinenhandel &amp; Anlagentechnik\",\"potentialAction\":[{\"@type\":\"SearchAction\",\"target\":{\"@type\":\"EntryPoint\",\"urlTemplate\":\"https:\\\/\\\/heidenreich.eu\\\/?s={search_term_string}\"},\"query-input\":{\"@type\":\"PropertyValueSpecification\",\"valueRequired\":true,\"valueName\":\"search_term_string\"}}],\"inLanguage\":\"en-GB\"}]}<\/script>\n<!-- \/ Yoast SEO plugin. -->","yoast_head_json":{"title":"Waffelstreichanlage f\u00fcr Flachwaffel - Lebensmittelmaschinen","robots":{"index":"index","follow":"follow","max-snippet":"max-snippet:-1","max-image-preview":"max-image-preview:large","max-video-preview":"max-video-preview:-1"},"canonical":"https:\/\/heidenreich.eu\/en\/maschine\/waffelstreichanlage-fuer-flachwaffel\/","og_locale":"en_GB","og_type":"article","og_title":"Waffelstreichanlage f\u00fcr Flachwaffel - Lebensmittelmaschinen","og_description":"Hersteller: Hebenstreit  Typ: WZ-EM  Baujahr: 1991  Preis: n.A.  Angebotsnummer: M12-386","og_url":"https:\/\/heidenreich.eu\/en\/maschine\/waffelstreichanlage-fuer-flachwaffel\/","og_site_name":"Lebensmittelmaschinen","article_modified_time":"2023-03-16T13:47:59+00:00","og_image":[{"width":799,"height":407,"url":"https:\/\/heidenreich.eu\/wp-content\/uploads\/2022\/03\/1_-Hebenstreit-WZ-EM-Streichanlage-GesamtIMG_3962.jpg","type":"image\/jpeg"}],"twitter_card":"summary_large_image","twitter_misc":{"Estimated reading time":"1 minute"},"schema":{"@context":"https:\/\/schema.org","@graph":[{"@type":"WebPage","@id":"https:\/\/heidenreich.eu\/maschine\/waffelstreichanlage-fuer-flachwaffel\/","url":"https:\/\/heidenreich.eu\/maschine\/waffelstreichanlage-fuer-flachwaffel\/","name":"Waffelstreichanlage f\u00fcr Flachwaffel - Lebensmittelmaschinen","isPartOf":{"@id":"https:\/\/heidenreich.eu\/#website"},"primaryImageOfPage":{"@id":"https:\/\/heidenreich.eu\/maschine\/waffelstreichanlage-fuer-flachwaffel\/#primaryimage"},"image":{"@id":"https:\/\/heidenreich.eu\/maschine\/waffelstreichanlage-fuer-flachwaffel\/#primaryimage"},"thumbnailUrl":"https:\/\/heidenreich.eu\/wp-content\/uploads\/2022\/03\/1_-Hebenstreit-WZ-EM-Streichanlage-GesamtIMG_3962.jpg","datePublished":"2022-03-21T17:49:56+00:00","dateModified":"2023-03-16T13:47:59+00:00","breadcrumb":{"@id":"https:\/\/heidenreich.eu\/maschine\/waffelstreichanlage-fuer-flachwaffel\/#breadcrumb"},"inLanguage":"en-GB","potentialAction":[{"@type":"ReadAction","target":["https:\/\/heidenreich.eu\/maschine\/waffelstreichanlage-fuer-flachwaffel\/"]}]},{"@type":"ImageObject","inLanguage":"en-GB","@id":"https:\/\/heidenreich.eu\/maschine\/waffelstreichanlage-fuer-flachwaffel\/#primaryimage","url":"https:\/\/heidenreich.eu\/wp-content\/uploads\/2022\/03\/1_-Hebenstreit-WZ-EM-Streichanlage-GesamtIMG_3962.jpg","contentUrl":"https:\/\/heidenreich.eu\/wp-content\/uploads\/2022\/03\/1_-Hebenstreit-WZ-EM-Streichanlage-GesamtIMG_3962.jpg","width":799,"height":407},{"@type":"BreadcrumbList","@id":"https:\/\/heidenreich.eu\/maschine\/waffelstreichanlage-fuer-flachwaffel\/#breadcrumb","itemListElement":[{"@type":"ListItem","position":1,"name":"Startseite","item":"https:\/\/heidenreich.eu\/"},{"@type":"ListItem","position":2,"name":"Maschinen","item":"https:\/\/heidenreich.eu\/shop\/"},{"@type":"ListItem","position":3,"name":"Waffelstreichanlage f\u00fcr Flachwaffel"}]},{"@type":"WebSite","@id":"https:\/\/heidenreich.eu\/#website","url":"https:\/\/heidenreich.eu\/","name":"food machines","description":"Maschine trade &amp; Equipment technology","potentialAction":[{"@type":"SearchAction","target":{"@type":"EntryPoint","urlTemplate":"https:\/\/heidenreich.eu\/?s={search_term_string}"},"query-input":{"@type":"PropertyValueSpecification","valueRequired":true,"valueName":"search_term_string"}}],"inLanguage":"en-GB"}]}},"_links":{"self":[{"href":"https:\/\/heidenreich.eu\/en\/wp-json\/wp\/v2\/product\/15767","targetHints":{"allow":["GET"]}}],"collection":[{"href":"https:\/\/heidenreich.eu\/en\/wp-json\/wp\/v2\/product"}],"about":[{"href":"https:\/\/heidenreich.eu\/en\/wp-json\/wp\/v2\/types\/product"}],"wp:featuredmedia":[{"embeddable":true,"href":"https:\/\/heidenreich.eu\/en\/wp-json\/wp\/v2\/media\/15768"}],"wp:attachment":[{"href":"https:\/\/heidenreich.eu\/en\/wp-json\/wp\/v2\/media?parent=15767"}],"wp:term":[{"taxonomy":"product_brand","embeddable":true,"href":"https:\/\/heidenreich.eu\/en\/wp-json\/wp\/v2\/product_brand?post=15767"},{"taxonomy":"product_cat","embeddable":true,"href":"https:\/\/heidenreich.eu\/en\/wp-json\/wp\/v2\/product_cat?post=15767"},{"taxonomy":"product_tag","embeddable":true,"href":"https:\/\/heidenreich.eu\/en\/wp-json\/wp\/v2\/product_tag?post=15767"}],"curies":[{"name":"wp","href":"https:\/\/api.w.org\/{rel}","templated":true}]}}